{"id":113,"date":"2020-11-12T15:56:10","date_gmt":"2020-11-12T15:56:10","guid":{"rendered":"https:\/\/cwtchchildcare.co.uk\/?page_id=113"},"modified":"2025-06-05T10:14:41","modified_gmt":"2025-06-05T10:14:41","slug":"a-childs-day","status":"publish","type":"page","link":"https:\/\/cwtchchildcare.co.uk\/cy\/a-childs-day\/","title":{"rendered":"A Child&#8217;s Day"},"content":{"rendered":"<div id=\"cs-content\" class=\"cs-content\"><div class=\"x-section e113-e1 m35-0 m35-1\"><div class=\"x-bg\" aria-hidden=\"true\"><div class=\"x-bg-layer-lower-image\"><\/div><\/div><div class=\"x-row e113-e2 m35-3 m35-4 m35-6\"><div class=\"x-bg\" aria-hidden=\"true\"><div class=\"x-bg-layer-lower-image\"><\/div><div class=\"x-bg-layer-upper-image\"><\/div><\/div><div class=\"x-row-inner\"><div class=\"x-col e113-e3 m35-8\"><hr class=\"x-line e113-e4 m35-9\"\/><span class=\"headline\">Diwrnod Plentyn<\/span><\/div><\/div><\/div><\/div><div class=\"x-section e113-e6 m35-1 m35-2\"><div class=\"x-row x-container max width e113-e7 m35-3 m35-5 m35-7\"><div class=\"x-row-inner\"><div class=\"x-col e113-e8 m35-8\"><div class=\"cs-content x-global-block x-global-block-183 e113-e9\"><div class=\"x-section x-hide-sm x-hide-xs e183-e2 m53-0 m53-1\"><div class=\"x-row e183-e3 m53-3 m53-4 m53-5\"><div class=\"x-row-inner\"><div class=\"x-col e183-e4 m53-7 m53-8\"><ul class=\"x-menu-first-level x-menu x-menu-inline e183-e5 m53-a m53-b\" data-x-hoverintent=\"{&quot;interval&quot;:50,&quot;timeout&quot;:500,&quot;sensitivity&quot;:9}\"><li class=\"menu-item menu-item-type-post_type menu-item-object-page menu-item-193\" id=\"menu-item-193\"><a class=\"x-anchor x-anchor-menu-item m53-c m53-d m53-e m53-f\" tabindex=\"0\" href=\"https:\/\/cwtchchildcare.co.uk\/cy\/about\/\"><div class=\"x-anchor-content\"><div class=\"x-anchor-text\"><span class=\"x-anchor-text-primary\">Amdanom<\/span><\/div><i class=\"x-anchor-sub-indicator\" data-x-skip-scroll=\"true\" aria-hidden=\"true\" data-x-icon-s=\"&#xf107;\"><\/i><\/div><\/a><\/li><li class=\"menu-item menu-item-type-post_type menu-item-object-page menu-item-180\" id=\"menu-item-180\"><a class=\"x-anchor x-anchor-menu-item m53-c m53-d m53-e m53-f\" tabindex=\"0\" href=\"https:\/\/cwtchchildcare.co.uk\/cy\/about\/our-philosophy\/\"><div class=\"x-anchor-content\"><div class=\"x-anchor-text\"><span class=\"x-anchor-text-primary\">Ein Athroniaeth<\/span><\/div><i class=\"x-anchor-sub-indicator\" data-x-skip-scroll=\"true\" aria-hidden=\"true\" data-x-icon-s=\"&#xf107;\"><\/i><\/div><\/a><\/li><li class=\"menu-item menu-item-type-post_type menu-item-object-page menu-item-179\" id=\"menu-item-179\"><a class=\"x-anchor x-anchor-menu-item m53-c m53-d m53-e m53-f\" tabindex=\"0\" href=\"https:\/\/cwtchchildcare.co.uk\/cy\/a-childs-day\/\"><div class=\"x-anchor-content\"><div class=\"x-anchor-text\"><span class=\"x-anchor-text-primary\">Diwrnod Plentyn<\/span><\/div><i class=\"x-anchor-sub-indicator\" data-x-skip-scroll=\"true\" aria-hidden=\"true\" data-x-icon-s=\"&#xf107;\"><\/i><\/div><\/a><\/li><li class=\"menu-item menu-item-type-post_type menu-item-object-page menu-item-181\" id=\"menu-item-181\"><a class=\"x-anchor x-anchor-menu-item m53-c m53-d m53-e m53-f\" tabindex=\"0\" href=\"https:\/\/cwtchchildcare.co.uk\/cy\/about\/bilingualism\/\"><div class=\"x-anchor-content\"><div class=\"x-anchor-text\"><span class=\"x-anchor-text-primary\">Dwyieithrwydd<\/span><\/div><i class=\"x-anchor-sub-indicator\" data-x-skip-scroll=\"true\" aria-hidden=\"true\" data-x-icon-s=\"&#xf107;\"><\/i><\/div><\/a><\/li><li class=\"menu-item menu-item-type-post_type menu-item-object-page menu-item-182\" id=\"menu-item-182\"><a class=\"x-anchor x-anchor-menu-item m53-c m53-d m53-e m53-f\" tabindex=\"0\" href=\"https:\/\/cwtchchildcare.co.uk\/cy\/about\/the-team\/\"><div class=\"x-anchor-content\"><div class=\"x-anchor-text\"><span class=\"x-anchor-text-primary\">Y T\u00eem<\/span><\/div><i class=\"x-anchor-sub-indicator\" data-x-skip-scroll=\"true\" aria-hidden=\"true\" data-x-icon-s=\"&#xf107;\"><\/i><\/div><\/a><\/li><\/ul><\/div><\/div><\/div><\/div><div class=\"x-section x-hide-sm x-hide-xs e183-e6 m53-1 m53-2\"><div class=\"x-row e183-e7 m53-3 m53-4 m53-6\"><div class=\"x-row-inner\"><div class=\"x-col e183-e8 m53-7 m53-9\"><div class=\"x-text x-text-headline e183-e9 m53-j\"><div class=\"x-text-content\"><div class=\"x-text-content-text\"><h2 class=\"x-text-content-text-primary\">Beth am drefnu ymweliad i weld ein meithrinfa a chwrdd \u00e2'r t\u00eem.<\/h2>\n<\/div><\/div><\/div><a class=\"x-anchor x-anchor-button e183-e10 m53-d m53-e m53-h m53-i\" tabindex=\"0\" href=\"tel:07954646097\"><div class=\"x-anchor-content\"><div class=\"x-anchor-text\"><span class=\"x-anchor-text-primary\">Ffoniwch Ni<\/span><\/div><\/div><\/a><hr class=\"x-line e183-e11 m53-k\"\/><a class=\"x-anchor x-anchor-button e183-e12 m53-d m53-e m53-h m53-i\" tabindex=\"0\" href=\"mailto:pentrebaen@cwtchchildcare.co.uk\"><div class=\"x-anchor-content\"><div class=\"x-anchor-text\"><span class=\"x-anchor-text-primary\">E-bostiwch Ni<\/span><\/div><\/div><\/a><\/div><\/div><\/div><\/div><\/div><\/div><div class=\"x-col e113-e10 m35-8\"><blockquote class=\"x-quote e113-e11 m35-a m35-b\"><span class=\"x-graphic x-quote-mark-opening\" aria-hidden=\"true\"><span class=\"x-image x-graphic-child x-graphic-image x-graphic-primary\"><img decoding=\"async\" src=\"https:\/\/cwtchchildcare.co.uk\/wp-content\/uploads\/2020\/10\/cite-mark.png\" width=\"38\" height=\"36\" alt=\"Image\" loading=\"lazy\"><\/span><\/span><div class=\"x-quote-content\"><div class=\"x-quote-text\"><p>Mae plant yn ddynwaredwyr gwych, felly rhowch rywbeth gwych i'w ddynwared<\/p><\/div><footer class=\"x-quote-cite\"><span class=\"x-quote-cite-text\">\u2014Yn anhysbys<\/span><\/footer><\/div><span class=\"x-graphic x-quote-mark-closing\" aria-hidden=\"true\"><span class=\"x-image x-graphic-child x-graphic-image x-graphic-primary\"><img decoding=\"async\" src=\"https:\/\/cwtchchildcare.co.uk\/wp-content\/uploads\/2020\/10\/cite-mark.png\" width=\"38\" height=\"36\" alt=\"Image\" loading=\"lazy\"><\/span><\/span><\/blockquote><div class=\"x-text x-content e113-e12 m35-d m35-e\"><p>Gyda'n <a href=\"https:\/\/cwtchchildcare.co.uk\/cy\/about\/our-philosophy\/\">5 Egwyddor Athroniaeth<\/a> rydym yn parchu bod pob plentyn yn unigryw ac rydym yn annog ein lleoliadau i ganiat\u00e1u i daith plentyn ddatblygu'n naturiol. Mae plant yn brysur \u00e2'u dwylo, traed, pen, a'u calon wrth chwarae ~ dyma pryd maen nhw'n dysgu orau.<\/p>\n<p>Ni fydd unrhyw ddiwrnod yr un peth yn ein lleoliadau gyda phlant yn cael datblygu eu gweithgareddau eu hunain ac arwain yr oedolion! Fodd bynnag, mae ein t\u00eem yn darparu gweithgareddau gwell sy'n canolbwyntio ar feysydd dysgu ac archwilio allweddol.<\/p>\n<p>Mae pob lleoliad yn datblygu ei arferion beunyddiol ei hun gyda'r plant, gan ymgorffori'r Cyfnod Sylfaen a'r athroniaethau dysgu a chwarae diweddaraf.<\/p><\/div><div class=\"x-grid e113-e13 m35-g\"><div class=\"x-cell e113-e14 m35-h m35-i m35-j\"><span class=\"x-image e113-e15 m35-o\"><img decoding=\"async\" src=\"https:\/\/cwtchchildcare.co.uk\/wp-content\/uploads\/2020\/11\/photo-1509676468933-c98e51205cef-1024x683.jpg\" width=\"512\" height=\"341\" alt=\"Image\" loading=\"lazy\"><\/span><div class=\"x-text x-content e113-e16 m35-d m35-e\"><h4>Amser Cylch gyda Chaneuon a Straeon<\/h4>\n<p>Byddwn bob amser yn cael amser ar gyfer caneuon a straeon! Bydd ein lleoliadau yn aml yn gwneud hyn trwy gydol y dydd, gan ganiat\u00e1u i blant ddewis y straeon y maent yn dymuno eu darllen a dewis c\u00e2n neu ddwy!<\/p><\/div><\/div><div class=\"x-cell e113-e17 m35-i m35-k m35-l\"><div class=\"x-text x-content e113-e18 m35-d m35-f\"><p>Mae pob diwrnod bob amser yn dechrau gyda gw\u00ean a dal i fyny gyda'ch plentyn ac aelod o'n t\u00eem. Rydyn ni eisiau gwybod beth allai diddordebau eich plentyn fod y diwrnod hwnnw neu ba anturiaethau maen nhw wedi bod i ffwrdd o'r feithrinfa!<\/p><\/div><\/div><div class=\"x-cell e113-e19 m35-i m35-k m35-l\"><div class=\"x-text x-content e113-e20 m35-d m35-e\"><h4>Byrbrydau a Phrydau<\/h4>\n<p>Rydym yn cynnig \u2018byrbryd rholio\u2019 i blant, mae hyn yn caniat\u00e1u i blant gael gafael ar ddiodydd a byrbrydau iach. Fodd bynnag, bydd ein t\u00eem yn annog unrhyw blant na fyddent efallai'n cael eu dos dyddiol o ddaioni ac yn sicrhau eu bod yn aros yn hydradol i brysurdeb \u00e2'u chwarae.<\/p><\/div><\/div><div class=\"x-cell e113-e21 m35-i m35-j m35-k m35-m\"><div class=\"x-text x-content e113-e22 m35-d m35-e\"><h4>Chwarae Rhydd<\/h4>\n<p>Anogir plant i archwilio a chwarae trwy gydol y dydd, fel arfer yn cael eu harwain gan blant ond gyda gweithgareddau gwell ein t\u00eem.<\/p><\/div><\/div><div class=\"x-cell e113-e23 m35-i m35-j m35-k m35-n\"><div class=\"x-text x-content e113-e24 m35-d m35-e\"><h4>Yr Awyr Agored<\/h4>\n<p>Beth bynnag fo'r tywydd, glaw neu hindda anogir plant i archwilio'r gofod y tu allan, gan roi digon o amser iddynt ddatblygu, sgiliau corfforol. Nid y tywydd anaddas sy'n pennu ein chwarae yn yr awyr agored ond cynaliadwyedd y dillad rydyn ni'n eu gwisgo - felly gwnewch yn si\u0175r eich bod chi'n dod \u00e2'ch esgidiau glaw a'ch dillad gwrth-dd\u0175r.<\/p><\/div><\/div><\/div><blockquote class=\"x-quote e113-e25 m35-b m35-c\"><span class=\"x-graphic x-quote-mark-opening\" aria-hidden=\"true\"><span class=\"x-image x-graphic-child x-graphic-image x-graphic-primary\"><img decoding=\"async\" src=\"https:\/\/cwtchchildcare.co.uk\/wp-content\/uploads\/2020\/10\/cite-mark.png\" width=\"38\" height=\"36\" alt=\"Image\" loading=\"lazy\"><\/span><\/span><div class=\"x-quote-content\"><div class=\"x-quote-text\"><div dir=\"auto\">Ni allaf argymell y feithrinfa hon yn ddigonol! Mae fy merch wedi dod ar lamu a rhwymo. Staff mor hyfryd, mor gyfeillgar, a bob amser yno i helpu ni waeth beth yw'r angen. Mynd i golli'r feithrinfa a'r staff gymaint. Roeddwn bob amser yn teimlo'n gartrefol yn gadael fy merch ar gyfer pob sesiwn&nbsp;<span class=\"pq6dq46d tbxw36s4 knj5qynh kvgmc6g5 ditlmg2l oygrvhab nvdbi5me sf5mxxl7 gl3lb2sf hhz5lgdu\"><img loading=\"lazy\" decoding=\"async\" src=\"https:\/\/static.xx.fbcdn.net\/images\/emoji.php\/v9\/t6c\/1\/16\/2764.png\" alt=\"\u2764\ufe0f\" width=\"16\" height=\"16\" \/><\/span><\/div><\/div><footer class=\"x-quote-cite\"><span class=\"x-quote-cite-text\">\u2014Danielle, Rhiant<\/span><\/footer><\/div><span class=\"x-graphic x-quote-mark-closing\" aria-hidden=\"true\"><span class=\"x-image x-graphic-child x-graphic-image x-graphic-primary\"><img decoding=\"async\" src=\"https:\/\/cwtchchildcare.co.uk\/wp-content\/uploads\/2020\/10\/cite-mark.png\" width=\"38\" height=\"36\" alt=\"Image\" loading=\"lazy\"><\/span><\/span><\/blockquote><\/div><\/div><\/div><\/div><\/div>","protected":false},"excerpt":{"rendered":"<p>A Child&#8217;s DayAboutOur PhilosophyA Child\u2019s DayBilingualismThe TeamWhy not book a visit to explore our nursery and meet the team. Call UsEmail UsChildren are great imitators, so give them something great to imitate&mdash;UnknownWith our 5 Philosophy Principles we respect that each child is unique and we encourage our settings to allow a child&rsquo;s journey to develop naturally. Children are busy with &#8230; <a href=\"https:\/\/cwtchchildcare.co.uk\/cy\/a-childs-day\/\" class=\"more-link\">Read More<\/a><\/p>","protected":false},"author":1,"featured_media":0,"parent":0,"menu_order":0,"comment_status":"closed","ping_status":"closed","template":"template-blank-4.php","meta":{"_acf_changed":false,"footnotes":""},"class_list":["post-113","page","type-page","status-publish","hentry","no-post-thumbnail"],"acf":[],"yoast_head":"<!-- This site is optimized with the Yoast SEO plugin v26.2 - https:\/\/yoast.com\/wordpress\/plugins\/seo\/ -->\n<title>A Child&#039;s Day - Cwtch Childcare<\/title>\n<meta name=\"robots\" content=\"index, follow, max-snippet:-1, max-image-preview:large, max-video-preview:-1\" \/>\n<link rel=\"canonical\" href=\"https:\/\/cwtchchildcare.co.uk\/cy\/a-childs-day\/\" \/>\n<meta property=\"og:locale\" content=\"en_US\" \/>\n<meta property=\"og:type\" content=\"article\" \/>\n<meta property=\"og:title\" content=\"A Child&#039;s Day - Cwtch Childcare\" \/>\n<meta property=\"og:description\" content=\"A Child&#039;s DayAboutOur PhilosophyA Child\u2019s DayBilingualismThe TeamWhy not book a visit to explore our nursery and meet the team. Call UsEmail UsChildren are great imitators, so give them something great to imitate&mdash;UnknownWith our 5 Philosophy Principles we respect that each child is unique and we encourage our settings to allow a child&rsquo;s journey to develop naturally. Children are busy with ... Read More\" \/>\n<meta property=\"og:url\" content=\"https:\/\/cwtchchildcare.co.uk\/cy\/a-childs-day\/\" \/>\n<meta property=\"og:site_name\" content=\"Cwtch Childcare\" \/>\n<meta property=\"article:modified_time\" content=\"2025-06-05T10:14:41+00:00\" \/>\n<meta property=\"og:image\" content=\"https:\/\/static.xx.fbcdn.net\/images\/emoji.php\/v9\/t6c\/1\/16\/2764.png\" \/>\n<meta name=\"twitter:card\" content=\"summary_large_image\" \/>\n<meta name=\"twitter:label1\" content=\"Est. reading time\" \/>\n\t<meta name=\"twitter:data1\" content=\"3 munud\" \/>\n<script type=\"application\/ld+json\" class=\"yoast-schema-graph\">{\"@context\":\"https:\/\/schema.org\",\"@graph\":[{\"@type\":\"WebPage\",\"@id\":\"https:\/\/cwtchchildcare.co.uk\/a-childs-day\/\",\"url\":\"https:\/\/cwtchchildcare.co.uk\/a-childs-day\/\",\"name\":\"A Child's Day - Cwtch Childcare\",\"isPartOf\":{\"@id\":\"https:\/\/cwtchchildcare.co.uk\/#website\"},\"primaryImageOfPage\":{\"@id\":\"https:\/\/cwtchchildcare.co.uk\/a-childs-day\/#primaryimage\"},\"image\":{\"@id\":\"https:\/\/cwtchchildcare.co.uk\/a-childs-day\/#primaryimage\"},\"thumbnailUrl\":\"https:\/\/static.xx.fbcdn.net\/images\/emoji.php\/v9\/t6c\/1\/16\/2764.png\",\"datePublished\":\"2020-11-12T15:56:10+00:00\",\"dateModified\":\"2025-06-05T10:14:41+00:00\",\"breadcrumb\":{\"@id\":\"https:\/\/cwtchchildcare.co.uk\/a-childs-day\/#breadcrumb\"},\"inLanguage\":\"cy\",\"potentialAction\":[{\"@type\":\"ReadAction\",\"target\":[\"https:\/\/cwtchchildcare.co.uk\/a-childs-day\/\"]}]},{\"@type\":\"ImageObject\",\"inLanguage\":\"cy\",\"@id\":\"https:\/\/cwtchchildcare.co.uk\/a-childs-day\/#primaryimage\",\"url\":\"https:\/\/static.xx.fbcdn.net\/images\/emoji.php\/v9\/t6c\/1\/16\/2764.png\",\"contentUrl\":\"https:\/\/static.xx.fbcdn.net\/images\/emoji.php\/v9\/t6c\/1\/16\/2764.png\"},{\"@type\":\"BreadcrumbList\",\"@id\":\"https:\/\/cwtchchildcare.co.uk\/a-childs-day\/#breadcrumb\",\"itemListElement\":[{\"@type\":\"ListItem\",\"position\":1,\"name\":\"Home\",\"item\":\"https:\/\/cwtchchildcare.co.uk\/\"},{\"@type\":\"ListItem\",\"position\":2,\"name\":\"A Child&#8217;s Day\"}]},{\"@type\":\"WebSite\",\"@id\":\"https:\/\/cwtchchildcare.co.uk\/#website\",\"url\":\"https:\/\/cwtchchildcare.co.uk\/\",\"name\":\"Cwtch Childcare\",\"description\":\"Welcome to Cwtch Childcare\",\"potentialAction\":[{\"@type\":\"SearchAction\",\"target\":{\"@type\":\"EntryPoint\",\"urlTemplate\":\"https:\/\/cwtchchildcare.co.uk\/?s={search_term_string}\"},\"query-input\":{\"@type\":\"PropertyValueSpecification\",\"valueRequired\":true,\"valueName\":\"search_term_string\"}}],\"inLanguage\":\"cy\"}]}<\/script>\n<!-- \/ Yoast SEO plugin. -->","yoast_head_json":{"title":"A Child's Day - Cwtch Childcare","robots":{"index":"index","follow":"follow","max-snippet":"max-snippet:-1","max-image-preview":"max-image-preview:large","max-video-preview":"max-video-preview:-1"},"canonical":"https:\/\/cwtchchildcare.co.uk\/cy\/a-childs-day\/","og_locale":"en_US","og_type":"article","og_title":"A Child's Day - Cwtch Childcare","og_description":"A Child's DayAboutOur PhilosophyA Child\u2019s DayBilingualismThe TeamWhy not book a visit to explore our nursery and meet the team. Call UsEmail UsChildren are great imitators, so give them something great to imitate&mdash;UnknownWith our 5 Philosophy Principles we respect that each child is unique and we encourage our settings to allow a child&rsquo;s journey to develop naturally. Children are busy with ... Read More","og_url":"https:\/\/cwtchchildcare.co.uk\/cy\/a-childs-day\/","og_site_name":"Cwtch Childcare","article_modified_time":"2025-06-05T10:14:41+00:00","og_image":[{"url":"https:\/\/static.xx.fbcdn.net\/images\/emoji.php\/v9\/t6c\/1\/16\/2764.png","type":"","width":"","height":""}],"twitter_card":"summary_large_image","twitter_misc":{"Est. reading time":"3 munud"},"schema":{"@context":"https:\/\/schema.org","@graph":[{"@type":"WebPage","@id":"https:\/\/cwtchchildcare.co.uk\/a-childs-day\/","url":"https:\/\/cwtchchildcare.co.uk\/a-childs-day\/","name":"A Child's Day - Cwtch Childcare","isPartOf":{"@id":"https:\/\/cwtchchildcare.co.uk\/#website"},"primaryImageOfPage":{"@id":"https:\/\/cwtchchildcare.co.uk\/a-childs-day\/#primaryimage"},"image":{"@id":"https:\/\/cwtchchildcare.co.uk\/a-childs-day\/#primaryimage"},"thumbnailUrl":"https:\/\/static.xx.fbcdn.net\/images\/emoji.php\/v9\/t6c\/1\/16\/2764.png","datePublished":"2020-11-12T15:56:10+00:00","dateModified":"2025-06-05T10:14:41+00:00","breadcrumb":{"@id":"https:\/\/cwtchchildcare.co.uk\/a-childs-day\/#breadcrumb"},"inLanguage":"cy","potentialAction":[{"@type":"ReadAction","target":["https:\/\/cwtchchildcare.co.uk\/a-childs-day\/"]}]},{"@type":"ImageObject","inLanguage":"cy","@id":"https:\/\/cwtchchildcare.co.uk\/a-childs-day\/#primaryimage","url":"https:\/\/static.xx.fbcdn.net\/images\/emoji.php\/v9\/t6c\/1\/16\/2764.png","contentUrl":"https:\/\/static.xx.fbcdn.net\/images\/emoji.php\/v9\/t6c\/1\/16\/2764.png"},{"@type":"BreadcrumbList","@id":"https:\/\/cwtchchildcare.co.uk\/a-childs-day\/#breadcrumb","itemListElement":[{"@type":"ListItem","position":1,"name":"Home","item":"https:\/\/cwtchchildcare.co.uk\/"},{"@type":"ListItem","position":2,"name":"A Child&#8217;s Day"}]},{"@type":"WebSite","@id":"https:\/\/cwtchchildcare.co.uk\/#website","url":"https:\/\/cwtchchildcare.co.uk\/","name":"Cwtch Childcare","description":"Welcome to Cwtch Childcare","potentialAction":[{"@type":"SearchAction","target":{"@type":"EntryPoint","urlTemplate":"https:\/\/cwtchchildcare.co.uk\/?s={search_term_string}"},"query-input":{"@type":"PropertyValueSpecification","valueRequired":true,"valueName":"search_term_string"}}],"inLanguage":"cy"}]}},"_links":{"self":[{"href":"https:\/\/cwtchchildcare.co.uk\/cy\/wp-json\/wp\/v2\/pages\/113","targetHints":{"allow":["GET"]}}],"collection":[{"href":"https:\/\/cwtchchildcare.co.uk\/cy\/wp-json\/wp\/v2\/pages"}],"about":[{"href":"https:\/\/cwtchchildcare.co.uk\/cy\/wp-json\/wp\/v2\/types\/page"}],"author":[{"embeddable":true,"href":"https:\/\/cwtchchildcare.co.uk\/cy\/wp-json\/wp\/v2\/users\/1"}],"replies":[{"embeddable":true,"href":"https:\/\/cwtchchildcare.co.uk\/cy\/wp-json\/wp\/v2\/comments?post=113"}],"version-history":[{"count":9,"href":"https:\/\/cwtchchildcare.co.uk\/cy\/wp-json\/wp\/v2\/pages\/113\/revisions"}],"predecessor-version":[{"id":520,"href":"https:\/\/cwtchchildcare.co.uk\/cy\/wp-json\/wp\/v2\/pages\/113\/revisions\/520"}],"wp:attachment":[{"href":"https:\/\/cwtchchildcare.co.uk\/cy\/wp-json\/wp\/v2\/media?parent=113"}],"curies":[{"name":"wp","href":"https:\/\/api.w.org\/{rel}","templated":true}]}}