{"id":109,"date":"2020-11-12T15:55:27","date_gmt":"2020-11-12T15:55:27","guid":{"rendered":"https:\/\/cwtchchildcare.co.uk\/?page_id=109"},"modified":"2025-06-05T10:19:17","modified_gmt":"2025-06-05T10:19:17","slug":"the-team","status":"publish","type":"page","link":"https:\/\/cwtchchildcare.co.uk\/cy\/about\/the-team\/","title":{"rendered":"Y T\u00eem"},"content":{"rendered":"<div id=\"cs-content\" class=\"cs-content\"><div class=\"x-section e109-e1 m31-0 m31-1\"><div class=\"x-bg\" aria-hidden=\"true\"><div class=\"x-bg-layer-lower-image\"><\/div><\/div><div class=\"x-row e109-e2 m31-3 m31-4 m31-6\"><div class=\"x-bg\" aria-hidden=\"true\"><div class=\"x-bg-layer-lower-image\"><\/div><div class=\"x-bg-layer-upper-image\"><\/div><\/div><div class=\"x-row-inner\"><div class=\"x-col e109-e3 m31-8\"><hr class=\"x-line e109-e4 m31-9\"\/><span class=\"headline\">Y T\u00eem<\/span><\/div><\/div><\/div><\/div><div class=\"x-section e109-e6 m31-1 m31-2\"><div class=\"x-row x-container max width e109-e7 m31-3 m31-5 m31-7\"><div class=\"x-row-inner\"><div class=\"x-col e109-e8 m31-8\"><div class=\"cs-content x-global-block x-global-block-183 e109-e9\"><div class=\"x-section x-hide-sm x-hide-xs e183-e2 m53-0 m53-1\"><div class=\"x-row e183-e3 m53-3 m53-4 m53-5\"><div class=\"x-row-inner\"><div class=\"x-col e183-e4 m53-7 m53-8\"><ul class=\"x-menu-first-level x-menu x-menu-inline e183-e5 m53-a m53-b\" data-x-hoverintent=\"{&quot;interval&quot;:50,&quot;timeout&quot;:500,&quot;sensitivity&quot;:9}\"><li class=\"menu-item menu-item-type-post_type menu-item-object-page menu-item-193\" id=\"menu-item-193\"><a class=\"x-anchor x-anchor-menu-item m53-c m53-d m53-e m53-f\" tabindex=\"0\" href=\"https:\/\/cwtchchildcare.co.uk\/cy\/about\/\"><div class=\"x-anchor-content\"><div class=\"x-anchor-text\"><span class=\"x-anchor-text-primary\">Amdanom<\/span><\/div><i class=\"x-anchor-sub-indicator\" data-x-skip-scroll=\"true\" aria-hidden=\"true\" data-x-icon-s=\"&#xf107;\"><\/i><\/div><\/a><\/li><li class=\"menu-item menu-item-type-post_type menu-item-object-page menu-item-180\" id=\"menu-item-180\"><a class=\"x-anchor x-anchor-menu-item m53-c m53-d m53-e m53-f\" tabindex=\"0\" href=\"https:\/\/cwtchchildcare.co.uk\/cy\/about\/our-philosophy\/\"><div class=\"x-anchor-content\"><div class=\"x-anchor-text\"><span class=\"x-anchor-text-primary\">Ein Athroniaeth<\/span><\/div><i class=\"x-anchor-sub-indicator\" data-x-skip-scroll=\"true\" aria-hidden=\"true\" data-x-icon-s=\"&#xf107;\"><\/i><\/div><\/a><\/li><li class=\"menu-item menu-item-type-post_type menu-item-object-page menu-item-179\" id=\"menu-item-179\"><a class=\"x-anchor x-anchor-menu-item m53-c m53-d m53-e m53-f\" tabindex=\"0\" href=\"https:\/\/cwtchchildcare.co.uk\/cy\/a-childs-day\/\"><div class=\"x-anchor-content\"><div class=\"x-anchor-text\"><span class=\"x-anchor-text-primary\">Diwrnod Plentyn<\/span><\/div><i class=\"x-anchor-sub-indicator\" data-x-skip-scroll=\"true\" aria-hidden=\"true\" data-x-icon-s=\"&#xf107;\"><\/i><\/div><\/a><\/li><li class=\"menu-item menu-item-type-post_type menu-item-object-page menu-item-181\" id=\"menu-item-181\"><a class=\"x-anchor x-anchor-menu-item m53-c m53-d m53-e m53-f\" tabindex=\"0\" href=\"https:\/\/cwtchchildcare.co.uk\/cy\/about\/bilingualism\/\"><div class=\"x-anchor-content\"><div class=\"x-anchor-text\"><span class=\"x-anchor-text-primary\">Dwyieithrwydd<\/span><\/div><i class=\"x-anchor-sub-indicator\" data-x-skip-scroll=\"true\" aria-hidden=\"true\" data-x-icon-s=\"&#xf107;\"><\/i><\/div><\/a><\/li><li class=\"menu-item menu-item-type-post_type menu-item-object-page menu-item-182\" id=\"menu-item-182\"><a class=\"x-anchor x-anchor-menu-item m53-c m53-d m53-e m53-f\" tabindex=\"0\" href=\"https:\/\/cwtchchildcare.co.uk\/cy\/about\/the-team\/\"><div class=\"x-anchor-content\"><div class=\"x-anchor-text\"><span class=\"x-anchor-text-primary\">Y T\u00eem<\/span><\/div><i class=\"x-anchor-sub-indicator\" data-x-skip-scroll=\"true\" aria-hidden=\"true\" data-x-icon-s=\"&#xf107;\"><\/i><\/div><\/a><\/li><\/ul><\/div><\/div><\/div><\/div><div class=\"x-section x-hide-sm x-hide-xs e183-e6 m53-1 m53-2\"><div class=\"x-row e183-e7 m53-3 m53-4 m53-6\"><div class=\"x-row-inner\"><div class=\"x-col e183-e8 m53-7 m53-9\"><div class=\"x-text x-text-headline e183-e9 m53-j\"><div class=\"x-text-content\"><div class=\"x-text-content-text\"><h2 class=\"x-text-content-text-primary\">Beth am drefnu ymweliad i weld ein meithrinfa a chwrdd \u00e2'r t\u00eem.<\/h2>\n<\/div><\/div><\/div><a class=\"x-anchor x-anchor-button e183-e10 m53-d m53-e m53-h m53-i\" tabindex=\"0\" href=\"tel:07954646097\"><div class=\"x-anchor-content\"><div class=\"x-anchor-text\"><span class=\"x-anchor-text-primary\">Ffoniwch Ni<\/span><\/div><\/div><\/a><hr class=\"x-line e183-e11 m53-k\"\/><a class=\"x-anchor x-anchor-button e183-e12 m53-d m53-e m53-h m53-i\" tabindex=\"0\" href=\"mailto:pentrebaen@cwtchchildcare.co.uk\"><div class=\"x-anchor-content\"><div class=\"x-anchor-text\"><span class=\"x-anchor-text-primary\">E-bostiwch Ni<\/span><\/div><\/div><\/a><\/div><\/div><\/div><\/div><\/div><\/div><div class=\"x-col e109-e10 m31-8\"><div class=\"x-text x-content e109-e11 m31-a\"><p>Yn Cwtch credwn fod buddsoddi yn ein t\u00eem yn fuddsoddiad yn eich plentyn. Mae ein holl staff yn cael eu recriwtio trwy broses recriwtio gadarn ac wedi'u hyfforddi i sicrhau eu bod yn cwrdd \u00e2'n safonau uchel o ddarparu gofal plant o ansawdd. Mae Cwtch Childcare yn ymfalch\u00efo mewn cyflawni'r gorau. Rydym hefyd eisiau sicrhau ein bod yn darparu sicrwydd ansawdd i'n t\u00eem, ein rhieni ac yn bwysicaf oll i'r plant sy'n defnyddio ein gwasanaethau gofal plant.<\/p>\n<p>Mae ein t\u00eem yn ymrwymedig ac yn angerddol am ddarparu profiad gofal plant eithriadol o chwarae a dysgu yn ein meithrinfeydd - gan roi llawer o \u2018cwtches\u2019 ar hyd y ffordd. Rydym yn falch o'n t\u00eem a'u talentau cymysg sy'n caniat\u00e1u i'n t\u00eem fod yn amrywiol ac yn greadigol mewn cymaint o ffyrdd.<\/p>\n<p>Mae gan bob un o'n t\u00eem gynllun Datblygiad Proffesiynol Parhaus sydd wedi'i gynllunio i'w cefnogi a'u hannog i fod y gorau y gallant fod trwy hyfforddiant rheolaidd, cefnogaeth cymheiriaid a phrofiadau dysgu.<\/p>\n<p>Mae'r t\u00eem i gyd yn cael eu gwirio gan DBS, eu hyfforddi i amddiffyn plant, ac mae ganddyn nhw dystysgrifau cymorth cyntaf a hylendid bwyd. Mae gan bob aelod o staff y cymwysterau perthnasol mewn datblygiad gofal plant *. Mae siaradwyr rhugl Cymraeg wedi'u lleoli yn ein lleoliad Cymraeg ond anogir yr holl staff a lleoliadau i ddatblygu eu sgiliau Cymraeg.<\/p>\n<p><em>* Mae Cwtch yn credu mewn rhoi cyfleoedd i bawb ac yn darparu cyfleoedd cyflogaeth yn rheolaidd i fyfyrwyr, gwirfoddolwyr a hyfforddeion sy'n gweithio tuag at ennill cymhwyster gofal plant.<\/em><\/p><\/div><\/div><\/div><\/div><\/div><\/div>","protected":false},"excerpt":{"rendered":"<p>The TeamAboutOur PhilosophyA Child\u2019s DayBilingualismThe TeamWhy not book a visit to explore our nursery and meet the team. Call UsEmail UsAt Cwtch Childcare we believe that investing in our team is an investment in your child. All our staff are recruited through a robust recruitment process and are trained to ensure they meet our high standards of providing quality childcare. &#8230; <a href=\"https:\/\/cwtchchildcare.co.uk\/cy\/about\/the-team\/\" class=\"more-link\">Read More<\/a><\/p>","protected":false},"author":1,"featured_media":0,"parent":40,"menu_order":0,"comment_status":"closed","ping_status":"closed","template":"template-blank-4.php","meta":{"_acf_changed":false,"footnotes":""},"class_list":["post-109","page","type-page","status-publish","hentry","no-post-thumbnail"],"acf":[],"yoast_head":"<!-- This site is optimized with the Yoast SEO plugin v26.2 - https:\/\/yoast.com\/wordpress\/plugins\/seo\/ -->\n<title>The Team - Cwtch Childcare<\/title>\n<meta name=\"robots\" content=\"index, follow, max-snippet:-1, max-image-preview:large, max-video-preview:-1\" \/>\n<link rel=\"canonical\" href=\"https:\/\/cwtchchildcare.co.uk\/cy\/about\/the-team\/\" \/>\n<meta property=\"og:locale\" content=\"en_US\" \/>\n<meta property=\"og:type\" content=\"article\" \/>\n<meta property=\"og:title\" content=\"The Team - Cwtch Childcare\" \/>\n<meta property=\"og:description\" content=\"The TeamAboutOur PhilosophyA Child\u2019s DayBilingualismThe TeamWhy not book a visit to explore our nursery and meet the team. Call UsEmail UsAt Cwtch Childcare we believe that investing in our team is an investment in your child. All our staff are recruited through a robust recruitment process and are trained to ensure they meet our high standards of providing quality childcare. ... Read More\" \/>\n<meta property=\"og:url\" content=\"https:\/\/cwtchchildcare.co.uk\/cy\/about\/the-team\/\" \/>\n<meta property=\"og:site_name\" content=\"Cwtch Childcare\" \/>\n<meta property=\"article:modified_time\" content=\"2025-06-05T10:19:17+00:00\" \/>\n<meta name=\"twitter:card\" content=\"summary_large_image\" \/>\n<meta name=\"twitter:label1\" content=\"Est. reading time\" \/>\n\t<meta name=\"twitter:data1\" content=\"2 funud\" \/>\n<script type=\"application\/ld+json\" class=\"yoast-schema-graph\">{\"@context\":\"https:\/\/schema.org\",\"@graph\":[{\"@type\":\"WebPage\",\"@id\":\"https:\/\/cwtchchildcare.co.uk\/about\/the-team\/\",\"url\":\"https:\/\/cwtchchildcare.co.uk\/about\/the-team\/\",\"name\":\"The Team - Cwtch Childcare\",\"isPartOf\":{\"@id\":\"https:\/\/cwtchchildcare.co.uk\/#website\"},\"datePublished\":\"2020-11-12T15:55:27+00:00\",\"dateModified\":\"2025-06-05T10:19:17+00:00\",\"breadcrumb\":{\"@id\":\"https:\/\/cwtchchildcare.co.uk\/about\/the-team\/#breadcrumb\"},\"inLanguage\":\"cy\",\"potentialAction\":[{\"@type\":\"ReadAction\",\"target\":[\"https:\/\/cwtchchildcare.co.uk\/about\/the-team\/\"]}]},{\"@type\":\"BreadcrumbList\",\"@id\":\"https:\/\/cwtchchildcare.co.uk\/about\/the-team\/#breadcrumb\",\"itemListElement\":[{\"@type\":\"ListItem\",\"position\":1,\"name\":\"Home\",\"item\":\"https:\/\/cwtchchildcare.co.uk\/\"},{\"@type\":\"ListItem\",\"position\":2,\"name\":\"About\",\"item\":\"https:\/\/cwtchchildcare.co.uk\/about\/\"},{\"@type\":\"ListItem\",\"position\":3,\"name\":\"The Team\"}]},{\"@type\":\"WebSite\",\"@id\":\"https:\/\/cwtchchildcare.co.uk\/#website\",\"url\":\"https:\/\/cwtchchildcare.co.uk\/\",\"name\":\"Cwtch Childcare\",\"description\":\"Welcome to Cwtch Childcare\",\"potentialAction\":[{\"@type\":\"SearchAction\",\"target\":{\"@type\":\"EntryPoint\",\"urlTemplate\":\"https:\/\/cwtchchildcare.co.uk\/?s={search_term_string}\"},\"query-input\":{\"@type\":\"PropertyValueSpecification\",\"valueRequired\":true,\"valueName\":\"search_term_string\"}}],\"inLanguage\":\"cy\"}]}<\/script>\n<!-- \/ Yoast SEO plugin. -->","yoast_head_json":{"title":"The Team - Cwtch Childcare","robots":{"index":"index","follow":"follow","max-snippet":"max-snippet:-1","max-image-preview":"max-image-preview:large","max-video-preview":"max-video-preview:-1"},"canonical":"https:\/\/cwtchchildcare.co.uk\/cy\/about\/the-team\/","og_locale":"en_US","og_type":"article","og_title":"The Team - Cwtch Childcare","og_description":"The TeamAboutOur PhilosophyA Child\u2019s DayBilingualismThe TeamWhy not book a visit to explore our nursery and meet the team. Call UsEmail UsAt Cwtch Childcare we believe that investing in our team is an investment in your child. All our staff are recruited through a robust recruitment process and are trained to ensure they meet our high standards of providing quality childcare. ... Read More","og_url":"https:\/\/cwtchchildcare.co.uk\/cy\/about\/the-team\/","og_site_name":"Cwtch Childcare","article_modified_time":"2025-06-05T10:19:17+00:00","twitter_card":"summary_large_image","twitter_misc":{"Est. reading time":"2 funud"},"schema":{"@context":"https:\/\/schema.org","@graph":[{"@type":"WebPage","@id":"https:\/\/cwtchchildcare.co.uk\/about\/the-team\/","url":"https:\/\/cwtchchildcare.co.uk\/about\/the-team\/","name":"The Team - Cwtch Childcare","isPartOf":{"@id":"https:\/\/cwtchchildcare.co.uk\/#website"},"datePublished":"2020-11-12T15:55:27+00:00","dateModified":"2025-06-05T10:19:17+00:00","breadcrumb":{"@id":"https:\/\/cwtchchildcare.co.uk\/about\/the-team\/#breadcrumb"},"inLanguage":"cy","potentialAction":[{"@type":"ReadAction","target":["https:\/\/cwtchchildcare.co.uk\/about\/the-team\/"]}]},{"@type":"BreadcrumbList","@id":"https:\/\/cwtchchildcare.co.uk\/about\/the-team\/#breadcrumb","itemListElement":[{"@type":"ListItem","position":1,"name":"Home","item":"https:\/\/cwtchchildcare.co.uk\/"},{"@type":"ListItem","position":2,"name":"About","item":"https:\/\/cwtchchildcare.co.uk\/about\/"},{"@type":"ListItem","position":3,"name":"The Team"}]},{"@type":"WebSite","@id":"https:\/\/cwtchchildcare.co.uk\/#website","url":"https:\/\/cwtchchildcare.co.uk\/","name":"Cwtch Childcare","description":"Welcome to Cwtch Childcare","potentialAction":[{"@type":"SearchAction","target":{"@type":"EntryPoint","urlTemplate":"https:\/\/cwtchchildcare.co.uk\/?s={search_term_string}"},"query-input":{"@type":"PropertyValueSpecification","valueRequired":true,"valueName":"search_term_string"}}],"inLanguage":"cy"}]}},"_links":{"self":[{"href":"https:\/\/cwtchchildcare.co.uk\/cy\/wp-json\/wp\/v2\/pages\/109","targetHints":{"allow":["GET"]}}],"collection":[{"href":"https:\/\/cwtchchildcare.co.uk\/cy\/wp-json\/wp\/v2\/pages"}],"about":[{"href":"https:\/\/cwtchchildcare.co.uk\/cy\/wp-json\/wp\/v2\/types\/page"}],"author":[{"embeddable":true,"href":"https:\/\/cwtchchildcare.co.uk\/cy\/wp-json\/wp\/v2\/users\/1"}],"replies":[{"embeddable":true,"href":"https:\/\/cwtchchildcare.co.uk\/cy\/wp-json\/wp\/v2\/comments?post=109"}],"version-history":[{"count":8,"href":"https:\/\/cwtchchildcare.co.uk\/cy\/wp-json\/wp\/v2\/pages\/109\/revisions"}],"predecessor-version":[{"id":527,"href":"https:\/\/cwtchchildcare.co.uk\/cy\/wp-json\/wp\/v2\/pages\/109\/revisions\/527"}],"up":[{"embeddable":true,"href":"https:\/\/cwtchchildcare.co.uk\/cy\/wp-json\/wp\/v2\/pages\/40"}],"wp:attachment":[{"href":"https:\/\/cwtchchildcare.co.uk\/cy\/wp-json\/wp\/v2\/media?parent=109"}],"curies":[{"name":"wp","href":"https:\/\/api.w.org\/{rel}","templated":true}]}}